{"id":2548,"date":"2025-12-03T02:29:23","date_gmt":"2025-12-03T01:29:23","guid":{"rendered":"https:\/\/aida.africhicbybijou.com\/?page_id=2548"},"modified":"2025-12-03T02:53:44","modified_gmt":"2025-12-03T01:53:44","slug":"documents-telechargeables","status":"publish","type":"page","link":"https:\/\/aida.africhicbybijou.com\/en\/documents-telechargeables\/","title":{"rendered":"Documents t\u00e9l\u00e9chargeables :"},"content":{"rendered":"<div data-elementor-type=\"wp-page\" data-elementor-id=\"2548\" class=\"elementor elementor-2548\">\n\t\t\t\t<div class=\"elementor-element elementor-element-f19a22e e-flex e-con-boxed e-con e-parent\" data-id=\"f19a22e\" data-element_type=\"container\">\n\t\t\t\t\t<div class=\"e-con-inner\">\n\t\t\t\t<div class=\"elementor-element elementor-element-5bc4419 animated-fast elementor-invisible elementor-widget elementor-widget-wdt-heading\" data-id=\"5bc4419\" data-element_type=\"widget\" data-settings=\"{&quot;_animation&quot;:&quot;slideInUp&quot;,&quot;_animation_delay&quot;:200,&quot;wdt_animation_effect&quot;:&quot;none&quot;}\" data-widget_type=\"wdt-heading.default\">\n\t\t\t\t<div class=\"elementor-widget-container\">\n\t\t\t\t\t<div class=\"wdt-heading-holder\" id=\"wdt-heading-5bc4419\"><div class=\"wdt-heading-subtitle-wrapper wdt-heading-subtitle\">Fiches pratiques<\/div><h2 class=\"wdt-heading-title-wrapper wdt-heading-title\">Documents T\u00e9l\u00e9chargeables<\/h2><\/div>\t\t\t\t<\/div>\n\t\t\t\t<\/div>\n\t\t<div class=\"elementor-element elementor-element-0dc6ea7 e-grid e-con-full e-con e-child\" data-id=\"0dc6ea7\" data-element_type=\"container\">\n\t\t\t\t<div class=\"elementor-element elementor-element-2d3a255 elementor-widget elementor-widget-wdt-text-image\" data-id=\"2d3a255\" data-element_type=\"widget\" data-settings=\"{&quot;wdt_animation_effect&quot;:&quot;none&quot;}\" data-widget_type=\"wdt-text-image.default\">\n\t\t\t\t<div class=\"elementor-widget-container\">\n\t\t\t\t\t<div class=\"wdt-elementor-repeater-container\"><div class=\"wdt-elementor-repeater-container-wrapper\"><div class=\"wdt-opt-image elementor-repeater-item-8052b08\"><img src=\"https:\/\/aida.africhicbybijou.com\/wp-content\/uploads\/2025\/12\/Capture-decran-2025-12-03-a-01.32.54.png\" alt=\"image-8052b08\" title=\"image-8052b08\"><\/div><\/div><\/div>\t\t\t\t<\/div>\n\t\t\t\t<\/div>\n\t\t\t\t<div class=\"elementor-element elementor-element-e5a3c8d elementor-widget elementor-widget-wdt-text-image\" data-id=\"e5a3c8d\" data-element_type=\"widget\" data-settings=\"{&quot;wdt_animation_effect&quot;:&quot;none&quot;}\" data-widget_type=\"wdt-text-image.default\">\n\t\t\t\t<div class=\"elementor-widget-container\">\n\t\t\t\t\t<div class=\"wdt-elementor-repeater-container\"><div class=\"wdt-elementor-repeater-container-wrapper\"><div class=\"wdt-opt-image elementor-repeater-item-8052b08\"><img src=\"https:\/\/aida.africhicbybijou.com\/wp-content\/uploads\/2025\/12\/Capture-decran-2025-12-03-a-01.46.21.png\" alt=\"image-8052b08\" title=\"image-8052b08\"><\/div><\/div><\/div>\t\t\t\t<\/div>\n\t\t\t\t<\/div>\n\t\t\t\t<div class=\"elementor-element elementor-element-a3f7e7d elementor-widget elementor-widget-wdt-button\" data-id=\"a3f7e7d\" data-element_type=\"widget\" data-settings=\"{&quot;wdt_animation_effect&quot;:&quot;none&quot;}\" data-widget_type=\"wdt-button.default\">\n\t\t\t\t<div class=\"elementor-widget-container\">\n\t\t\t\t\t<div class=\"wdt-button-holder wdt-template-filled wdt-button-link wdt-button-style-underline wdt-button-size-sm wdt-button-icon-after\" id=\"wdt-button-a3f7e7d\"><a class=\"wdt-button\" href=\"https:\/\/aida.africhicbybijou.com\/wp-content\/uploads\/2025\/12\/P1-KAKEMONO-HG.pdf\"><span class=\"wdt-button-text\">T\u00e9l\u00e9charger le kakemono M1<\/span><span class=\"wdt-button-icon\"><span class=\"wdt-button-icon-inner\"><svg aria-hidden=\"true\" class=\"e-font-icon-svg e-fas-file-download\" viewbox=\"0 0 384 512\" xmlns=\"http:\/\/www.w3.org\/2000\/svg\"><path d=\"M224 136V0H24C10.7 0 0 10.7 0 24v464c0 13.3 10.7 24 24 24h336c13.3 0 24-10.7 24-24V160H248c-13.2 0-24-10.8-24-24zm76.45 211.36l-96.42 95.7c-6.65 6.61-17.39 6.61-24.04 0l-96.42-95.7C73.42 337.29 80.54 320 94.82 320H160v-80c0-8.84 7.16-16 16-16h32c8.84 0 16 7.16 16 16v80h65.18c14.28 0 21.4 17.29 11.27 27.36zM377 105L279.1 7c-4.5-4.5-10.6-7-17-7H256v128h128v-6.1c0-6.3-2.5-12.4-7-16.9z\"><\/path><\/svg><\/span><\/span><\/a><\/div>\t\t\t\t<\/div>\n\t\t\t\t<\/div>\n\t\t\t\t<div class=\"elementor-element elementor-element-0ab957b elementor-widget elementor-widget-wdt-button\" data-id=\"0ab957b\" data-element_type=\"widget\" data-settings=\"{&quot;wdt_animation_effect&quot;:&quot;none&quot;}\" data-widget_type=\"wdt-button.default\">\n\t\t\t\t<div class=\"elementor-widget-container\">\n\t\t\t\t\t<div class=\"wdt-button-holder wdt-template-filled wdt-button-link wdt-button-style-underline wdt-button-size-sm wdt-button-icon-after\" id=\"wdt-button-0ab957b\"><a class=\"wdt-button\" href=\"https:\/\/aida.africhicbybijou.com\/wp-content\/uploads\/2025\/12\/P2-KAKEMONO-HG.pdf\"><span class=\"wdt-button-text\">T\u00e9l\u00e9charger le kakemono M2<\/span><span class=\"wdt-button-icon\"><span class=\"wdt-button-icon-inner\"><svg aria-hidden=\"true\" class=\"e-font-icon-svg e-fas-file-download\" viewbox=\"0 0 384 512\" xmlns=\"http:\/\/www.w3.org\/2000\/svg\"><path d=\"M224 136V0H24C10.7 0 0 10.7 0 24v464c0 13.3 10.7 24 24 24h336c13.3 0 24-10.7 24-24V160H248c-13.2 0-24-10.8-24-24zm76.45 211.36l-96.42 95.7c-6.65 6.61-17.39 6.61-24.04 0l-96.42-95.7C73.42 337.29 80.54 320 94.82 320H160v-80c0-8.84 7.16-16 16-16h32c8.84 0 16 7.16 16 16v80h65.18c14.28 0 21.4 17.29 11.27 27.36zM377 105L279.1 7c-4.5-4.5-10.6-7-17-7H256v128h128v-6.1c0-6.3-2.5-12.4-7-16.9z\"><\/path><\/svg><\/span><\/span><\/a><\/div>\t\t\t\t<\/div>\n\t\t\t\t<\/div>\n\t\t\t\t<\/div>\n\t\t\t\t\t<\/div>\n\t\t\t\t<\/div>\n\t\t\t\t<\/div>","protected":false},"excerpt":{"rendered":"<p>Fiches pratiques Documents T\u00e9l\u00e9chargeables T\u00e9l\u00e9charger le kakemono M1 T\u00e9l\u00e9charger le kakemono M2<\/p>","protected":false},"author":1,"featured_media":0,"parent":0,"menu_order":0,"comment_status":"closed","ping_status":"closed","template":"","meta":{"_monsterinsights_skip_tracking":false,"_monsterinsights_sitenote_active":false,"_monsterinsights_sitenote_note":"","_monsterinsights_sitenote_category":0,"footnotes":""},"class_list":["post-2548","page","type-page","status-publish","hentry"],"aioseo_notices":[],"_links":{"self":[{"href":"https:\/\/aida.africhicbybijou.com\/en\/wp-json\/wp\/v2\/pages\/2548","targetHints":{"allow":["GET"]}}],"collection":[{"href":"https:\/\/aida.africhicbybijou.com\/en\/wp-json\/wp\/v2\/pages"}],"about":[{"href":"https:\/\/aida.africhicbybijou.com\/en\/wp-json\/wp\/v2\/types\/page"}],"author":[{"embeddable":true,"href":"https:\/\/aida.africhicbybijou.com\/en\/wp-json\/wp\/v2\/users\/1"}],"replies":[{"embeddable":true,"href":"https:\/\/aida.africhicbybijou.com\/en\/wp-json\/wp\/v2\/comments?post=2548"}],"version-history":[{"count":16,"href":"https:\/\/aida.africhicbybijou.com\/en\/wp-json\/wp\/v2\/pages\/2548\/revisions"}],"predecessor-version":[{"id":2573,"href":"https:\/\/aida.africhicbybijou.com\/en\/wp-json\/wp\/v2\/pages\/2548\/revisions\/2573"}],"wp:attachment":[{"href":"https:\/\/aida.africhicbybijou.com\/en\/wp-json\/wp\/v2\/media?parent=2548"}],"curies":[{"name":"wp","href":"https:\/\/api.w.org\/{rel}","templated":true}]}}