{"id":101,"date":"2025-05-31T09:12:45","date_gmt":"2025-05-31T09:12:45","guid":{"rendered":"https:\/\/aida.africhicbybijou.com\/?page_id=101"},"modified":"2025-12-08T12:57:47","modified_gmt":"2025-12-08T11:57:47","slug":"solutions-moyens-techniques","status":"publish","type":"page","link":"https:\/\/aida.africhicbybijou.com\/en\/solutions-moyens-techniques\/","title":{"rendered":"Solutions &amp; Moyens techniques"},"content":{"rendered":"<div data-elementor-type=\"wp-page\" data-elementor-id=\"101\" class=\"elementor elementor-101\">\n\t\t\t\t<div class=\"elementor-element elementor-element-d68a6ce e-flex e-con-boxed e-con e-parent\" data-id=\"d68a6ce\" data-element_type=\"container\">\n\t\t\t\t\t<div class=\"e-con-inner\">\n\t\t<div class=\"elementor-element elementor-element-83b8d95 e-con-full e-flex e-con e-child\" data-id=\"83b8d95\" data-element_type=\"container\">\n\t\t\t\t<div class=\"elementor-element elementor-element-e819a29 elementor-widget__width-initial animated-fast elementor-invisible elementor-widget elementor-widget-wdt-heading\" data-id=\"e819a29\" data-element_type=\"widget\" data-settings=\"{&quot;_animation&quot;:&quot;slideInUp&quot;,&quot;wdt_animation_effect&quot;:&quot;none&quot;}\" data-widget_type=\"wdt-heading.default\">\n\t\t\t\t<div class=\"elementor-widget-container\">\n\t\t\t\t\t<div class=\"wdt-heading-holder\" id=\"wdt-heading-e819a29\"><div class=\"wdt-heading-subtitle-wrapper wdt-heading-subtitle\">Nos capacit\u00e9s techniques<\/div><h2 class=\"wdt-heading-title-wrapper wdt-heading-title\">SOLUTIONS & MOYENS TECHNIQUES<\/h2><div class=\"wdt-heading-content-wrapper\">Des outils performants au service de la pr\u00e9cision.<\/div><\/div>\t\t\t\t<\/div>\n\t\t\t\t<\/div>\n\t\t\t\t<div class=\"elementor-element elementor-element-3b0e7c1 animated-fast elementor-invisible elementor-widget elementor-widget-wdt-image-box\" data-id=\"3b0e7c1\" data-element_type=\"widget\" data-settings=\"{&quot;_animation&quot;:&quot;slideInUp&quot;,&quot;_animation_delay&quot;:&quot;150&quot;,&quot;carousel_arrows_prev_arrow_vertical_align&quot;:&quot;flex-start&quot;,&quot;carousel_arrows_prev_arrow_vertical_top_indent&quot;:{&quot;unit&quot;:&quot;%&quot;,&quot;size&quot;:&quot;&quot;,&quot;sizes&quot;:[]},&quot;carousel_arrows_prev_arrow_vertical_top_indent_laptop&quot;:{&quot;unit&quot;:&quot;px&quot;,&quot;size&quot;:&quot;&quot;,&quot;sizes&quot;:[]},&quot;carousel_arrows_prev_arrow_vertical_top_indent_tablet_extra&quot;:{&quot;unit&quot;:&quot;px&quot;,&quot;size&quot;:&quot;&quot;,&quot;sizes&quot;:[]},&quot;carousel_arrows_prev_arrow_vertical_top_indent_tablet&quot;:{&quot;unit&quot;:&quot;%&quot;,&quot;size&quot;:&quot;&quot;,&quot;sizes&quot;:[]},&quot;carousel_arrows_prev_arrow_vertical_top_indent_mobile_extra&quot;:{&quot;unit&quot;:&quot;px&quot;,&quot;size&quot;:&quot;&quot;,&quot;sizes&quot;:[]},&quot;carousel_arrows_prev_arrow_vertical_top_indent_mobile&quot;:{&quot;unit&quot;:&quot;%&quot;,&quot;size&quot;:&quot;&quot;,&quot;sizes&quot;:[]},&quot;carousel_arrows_prev_arrow_horizontal_left_indent&quot;:{&quot;unit&quot;:&quot;%&quot;,&quot;size&quot;:&quot;&quot;,&quot;sizes&quot;:[]},&quot;carousel_arrows_prev_arrow_horizontal_left_indent_laptop&quot;:{&quot;unit&quot;:&quot;px&quot;,&quot;size&quot;:&quot;&quot;,&quot;sizes&quot;:[]},&quot;carousel_arrows_prev_arrow_horizontal_left_indent_tablet_extra&quot;:{&quot;unit&quot;:&quot;px&quot;,&quot;size&quot;:&quot;&quot;,&quot;sizes&quot;:[]},&quot;carousel_arrows_prev_arrow_horizontal_left_indent_tablet&quot;:{&quot;unit&quot;:&quot;%&quot;,&quot;size&quot;:&quot;&quot;,&quot;sizes&quot;:[]},&quot;carousel_arrows_prev_arrow_horizontal_left_indent_mobile_extra&quot;:{&quot;unit&quot;:&quot;px&quot;,&quot;size&quot;:&quot;&quot;,&quot;sizes&quot;:[]},&quot;carousel_arrows_prev_arrow_horizontal_left_indent_mobile&quot;:{&quot;unit&quot;:&quot;%&quot;,&quot;size&quot;:&quot;&quot;,&quot;sizes&quot;:[]},&quot;carousel_arrows_next_arrow_vertical_align&quot;:&quot;flex-start&quot;,&quot;carousel_arrows_next_arrow_vertical_top_indent&quot;:{&quot;unit&quot;:&quot;%&quot;,&quot;size&quot;:&quot;&quot;,&quot;sizes&quot;:[]},&quot;carousel_arrows_next_arrow_vertical_top_indent_laptop&quot;:{&quot;unit&quot;:&quot;px&quot;,&quot;size&quot;:&quot;&quot;,&quot;sizes&quot;:[]},&quot;carousel_arrows_next_arrow_vertical_top_indent_tablet_extra&quot;:{&quot;unit&quot;:&quot;px&quot;,&quot;size&quot;:&quot;&quot;,&quot;sizes&quot;:[]},&quot;carousel_arrows_next_arrow_vertical_top_indent_tablet&quot;:{&quot;unit&quot;:&quot;%&quot;,&quot;size&quot;:&quot;&quot;,&quot;sizes&quot;:[]},&quot;carousel_arrows_next_arrow_vertical_top_indent_mobile_extra&quot;:{&quot;unit&quot;:&quot;px&quot;,&quot;size&quot;:&quot;&quot;,&quot;sizes&quot;:[]},&quot;carousel_arrows_next_arrow_vertical_top_indent_mobile&quot;:{&quot;unit&quot;:&quot;%&quot;,&quot;size&quot;:&quot;&quot;,&quot;sizes&quot;:[]},&quot;carousel_arrows_next_arrow_horizontal_left_indent&quot;:{&quot;unit&quot;:&quot;%&quot;,&quot;size&quot;:&quot;&quot;,&quot;sizes&quot;:[]},&quot;carousel_arrows_next_arrow_horizontal_left_indent_laptop&quot;:{&quot;unit&quot;:&quot;px&quot;,&quot;size&quot;:&quot;&quot;,&quot;sizes&quot;:[]},&quot;carousel_arrows_next_arrow_horizontal_left_indent_tablet_extra&quot;:{&quot;unit&quot;:&quot;px&quot;,&quot;size&quot;:&quot;&quot;,&quot;sizes&quot;:[]},&quot;carousel_arrows_next_arrow_horizontal_left_indent_tablet&quot;:{&quot;unit&quot;:&quot;%&quot;,&quot;size&quot;:&quot;&quot;,&quot;sizes&quot;:[]},&quot;carousel_arrows_next_arrow_horizontal_left_indent_mobile_extra&quot;:{&quot;unit&quot;:&quot;px&quot;,&quot;size&quot;:&quot;&quot;,&quot;sizes&quot;:[]},&quot;carousel_arrows_next_arrow_horizontal_left_indent_mobile&quot;:{&quot;unit&quot;:&quot;%&quot;,&quot;size&quot;:&quot;&quot;,&quot;sizes&quot;:[]},&quot;wdt_animation_effect&quot;:&quot;none&quot;}\" data-widget_type=\"wdt-image-box.default\">\n\t\t\t\t<div class=\"elementor-widget-container\">\n\t\t\t\t\t<div class=\"wdt-image-box-holder wdt-content-item-holder wdt-column-holder wdt-rc-template-with-description\" id=\"wdt-image-box-3b0e7c1\"><div class=\"wdt-content-item\"><div class=\"wdt-content-media-group\"><div class=\"wdt-content-title\"><h5><a href=\"https:\/\/aida.africhicbybijou.com\/en\/our-careers\/acquisition-advisor\/\">Nos \u00e9quipements<\/a><\/h5><\/div><div class=\"wdt-content-description\"><ul><li>V\u00e9hicules 4x4 pour missions terrain<\/li><li>Spectrom\u00e8tre XRF S1 TITAN LE<\/li><li>GPS GARMIN &amp; MAGELLAN<\/li><li>Kits de pr\u00e9l\u00e8vement et capteurs TROTEC<\/li><\/ul><p><img decoding=\"async\" src=\"https:\/\/www.utilicare.eu\/wp-content\/uploads\/2024\/06\/image-1024x683.png\" alt=\"Les 4x4 les plus fiables du march\u00e9 | Utilicare\" \/><\/p><\/div><\/div><div class=\"wdt-content-detail-group\"><div class=\"wdt-content-button wdt-button-clone\"><a href=\"https:\/\/aida.africhicbybijou.com\/en\/our-careers\/acquisition-advisor\/\">Click Here<\/a><\/div><\/div><\/div><div class=\"wdt-content-item\"><div class=\"wdt-content-media-group\"><div class=\"wdt-content-title\"><h5>M\u00e9thodologies &amp; outils<\/h5><\/div><div class=\"wdt-content-description\"><ul><li>Protocoles conformes aux standards internationaux<\/li><li>Approches participatives &amp; analyses socio-environnementales<\/li><li>Gestion de donn\u00e9es et reporting int\u00e9gr\u00e9s<img decoding=\"async\" src=\"https:\/\/f.hellowork.com\/seo\/domaine\/environnement.jpeg\" alt=\"Fiches m\u00e9tiers du domaine Environnement | Hellowork\" \/><\/li><\/ul><\/div><\/div><div class=\"wdt-content-detail-group\"><\/div><\/div><div class=\"wdt-content-item\"><div class=\"wdt-content-media-group\"><div class=\"wdt-content-title\"><h5><a href=\"https:\/\/aida.africhicbybijou.com\/en\/our-careers\/financial-consultant\/\">SIG, mod\u00e9lisation &amp; g\u00e9omatique <\/a><\/h5><\/div><div class=\"wdt-content-description\"><ul><li>SIG complet pour cartographie et analyse spatiale<\/li><li>Outils de mod\u00e9lisation g\u00e9ologique et hydrog\u00e9ologique<\/li><li>Acquisition et traitement de donn\u00e9es g\u00e9or\u00e9f\u00e9renc\u00e9es<\/li><\/ul><p><img decoding=\"async\" src=\"https:\/\/fr.sdec-france.com\/wp-content\/uploads\/2024\/01\/Hydro-GeoAnalyst.jpg\" alt=\"Logiciel de gestion des projets hydrog\u00e9ologiques - HydroGeoAnalyst \u2013 SDEC France\" \/><\/p><\/div><\/div><div class=\"wdt-content-detail-group\"><div class=\"wdt-content-button wdt-button-clone\"><a href=\"https:\/\/aida.africhicbybijou.com\/en\/our-careers\/financial-consultant\/\">Click Here<\/a><\/div><\/div><\/div><div class=\"wdt-content-item\"><div class=\"wdt-content-media-group\"><div class=\"wdt-content-title\"><h5><a href=\"https:\/\/aida.africhicbybijou.com\/en\/our-careers\/funnel-consultant\/\">Laboratoire &amp; pr\u00e9l\u00e8vements<\/a><\/h5><\/div><div class=\"wdt-content-description\"><ul><li>Collecte d\u2019\u00e9chantillons (sol, eau, air)<\/li><li>Analyses via laboratoires partenaires certifi\u00e9s<\/li><li>Protocoles stricts de qualit\u00e9 et tra\u00e7abilit\u00e9<\/li><\/ul><p><img decoding=\"async\" src=\"https:\/\/www.hielscher.com\/wp-content\/uploads\/Soil-sample-preparation-ultrasonic-extraction-HielscherUltrasonics.jpg\" alt=\"Traitement d'\u00e9chantillons de sols par ultrasons pour l'analyse environnementale\" \/><\/p><\/div><\/div><div class=\"wdt-content-detail-group\"><div class=\"wdt-content-button wdt-button-clone\"><a href=\"https:\/\/aida.africhicbybijou.com\/en\/our-careers\/funnel-consultant\/\">Click Here<\/a><\/div><\/div><\/div><\/div>\t\t\t\t<\/div>\n\t\t\t\t<\/div>\n\t\t\t\t<\/div>\n\t\t<div class=\"wdt-sticky-css wdt-sticky-column-css-6cb20e7 wdt-css-sticky-desktop wdt-css-sticky-laptop wdt-css-sticky-tablet_extra elementor-element elementor-element-6cb20e7 e-con-full e-flex e-con e-child\" data-wdt-settings=\"{&quot;id&quot;:&quot;6cb20e7&quot;,&quot;sticky&quot;:true,&quot;stickyOn&quot;:[&quot;desktop&quot;,&quot;laptop&quot;,&quot;tablet_extra&quot;]}\" data-id=\"6cb20e7\" data-element_type=\"container\">\n\t\t<div class=\"wdt-sticky-css wdt-sticky-column-css-7ce43b9 wdt-css-sticky-desktop wdt-css-sticky-laptop wdt-css-sticky-tablet_extra elementor-element elementor-element-7ce43b9 e-con-full e-flex e-con e-child\" data-wdt-settings=\"{&quot;id&quot;:&quot;7ce43b9&quot;,&quot;sticky&quot;:true,&quot;stickyOn&quot;:[&quot;desktop&quot;,&quot;laptop&quot;,&quot;tablet_extra&quot;]}\" data-id=\"7ce43b9\" data-element_type=\"container\" data-settings=\"{&quot;background_background&quot;:&quot;classic&quot;}\">\n\t\t\t\t<div class=\"elementor-element elementor-element-ca075d9 elementor-widget elementor-widget-wdt-heading\" data-id=\"ca075d9\" data-element_type=\"widget\" data-settings=\"{&quot;wdt_animation_effect&quot;:&quot;none&quot;}\" data-widget_type=\"wdt-heading.default\">\n\t\t\t\t<div class=\"elementor-widget-container\">\n\t\t\t\t\t<div class=\"wdt-heading-holder\" id=\"wdt-heading-ca075d9\"><h4 class=\"wdt-heading-title-wrapper wdt-heading-title\">Toujours \u00e0 vos c\u00f4t\u00e9s<\/h4><\/div>\t\t\t\t<\/div>\n\t\t\t\t<\/div>\n\t\t\t\t<div class=\"elementor-element elementor-element-c9014ad elementor-widget elementor-widget-wdt-specifications\" data-id=\"c9014ad\" data-element_type=\"widget\" data-settings=\"{&quot;columns&quot;:&quot;1&quot;,&quot;columns_laptop&quot;:&quot;1&quot;,&quot;columns_tablet_extra&quot;:&quot;1&quot;,&quot;columns_tablet&quot;:&quot;1&quot;,&quot;columns_mobile_extra&quot;:1,&quot;columns_mobile&quot;:1,&quot;carousel_arrows_prev_arrow_vertical_align&quot;:&quot;flex-start&quot;,&quot;carousel_arrows_prev_arrow_vertical_top_indent&quot;:{&quot;unit&quot;:&quot;%&quot;,&quot;size&quot;:&quot;&quot;,&quot;sizes&quot;:[]},&quot;carousel_arrows_prev_arrow_vertical_top_indent_laptop&quot;:{&quot;unit&quot;:&quot;px&quot;,&quot;size&quot;:&quot;&quot;,&quot;sizes&quot;:[]},&quot;carousel_arrows_prev_arrow_vertical_top_indent_tablet_extra&quot;:{&quot;unit&quot;:&quot;px&quot;,&quot;size&quot;:&quot;&quot;,&quot;sizes&quot;:[]},&quot;carousel_arrows_prev_arrow_vertical_top_indent_tablet&quot;:{&quot;unit&quot;:&quot;%&quot;,&quot;size&quot;:&quot;&quot;,&quot;sizes&quot;:[]},&quot;carousel_arrows_prev_arrow_vertical_top_indent_mobile_extra&quot;:{&quot;unit&quot;:&quot;px&quot;,&quot;size&quot;:&quot;&quot;,&quot;sizes&quot;:[]},&quot;carousel_arrows_prev_arrow_vertical_top_indent_mobile&quot;:{&quot;unit&quot;:&quot;%&quot;,&quot;size&quot;:&quot;&quot;,&quot;sizes&quot;:[]},&quot;carousel_arrows_prev_arrow_horizontal_left_indent&quot;:{&quot;unit&quot;:&quot;%&quot;,&quot;size&quot;:&quot;&quot;,&quot;sizes&quot;:[]},&quot;carousel_arrows_prev_arrow_horizontal_left_indent_laptop&quot;:{&quot;unit&quot;:&quot;px&quot;,&quot;size&quot;:&quot;&quot;,&quot;sizes&quot;:[]},&quot;carousel_arrows_prev_arrow_horizontal_left_indent_tablet_extra&quot;:{&quot;unit&quot;:&quot;px&quot;,&quot;size&quot;:&quot;&quot;,&quot;sizes&quot;:[]},&quot;carousel_arrows_prev_arrow_horizontal_left_indent_tablet&quot;:{&quot;unit&quot;:&quot;%&quot;,&quot;size&quot;:&quot;&quot;,&quot;sizes&quot;:[]},&quot;carousel_arrows_prev_arrow_horizontal_left_indent_mobile_extra&quot;:{&quot;unit&quot;:&quot;px&quot;,&quot;size&quot;:&quot;&quot;,&quot;sizes&quot;:[]},&quot;carousel_arrows_prev_arrow_horizontal_left_indent_mobile&quot;:{&quot;unit&quot;:&quot;%&quot;,&quot;size&quot;:&quot;&quot;,&quot;sizes&quot;:[]},&quot;carousel_arrows_next_arrow_vertical_align&quot;:&quot;flex-start&quot;,&quot;carousel_arrows_next_arrow_vertical_top_indent&quot;:{&quot;unit&quot;:&quot;%&quot;,&quot;size&quot;:&quot;&quot;,&quot;sizes&quot;:[]},&quot;carousel_arrows_next_arrow_vertical_top_indent_laptop&quot;:{&quot;unit&quot;:&quot;px&quot;,&quot;size&quot;:&quot;&quot;,&quot;sizes&quot;:[]},&quot;carousel_arrows_next_arrow_vertical_top_indent_tablet_extra&quot;:{&quot;unit&quot;:&quot;px&quot;,&quot;size&quot;:&quot;&quot;,&quot;sizes&quot;:[]},&quot;carousel_arrows_next_arrow_vertical_top_indent_tablet&quot;:{&quot;unit&quot;:&quot;%&quot;,&quot;size&quot;:&quot;&quot;,&quot;sizes&quot;:[]},&quot;carousel_arrows_next_arrow_vertical_top_indent_mobile_extra&quot;:{&quot;unit&quot;:&quot;px&quot;,&quot;size&quot;:&quot;&quot;,&quot;sizes&quot;:[]},&quot;carousel_arrows_next_arrow_vertical_top_indent_mobile&quot;:{&quot;unit&quot;:&quot;%&quot;,&quot;size&quot;:&quot;&quot;,&quot;sizes&quot;:[]},&quot;carousel_arrows_next_arrow_horizontal_left_indent&quot;:{&quot;unit&quot;:&quot;%&quot;,&quot;size&quot;:&quot;&quot;,&quot;sizes&quot;:[]},&quot;carousel_arrows_next_arrow_horizontal_left_indent_laptop&quot;:{&quot;unit&quot;:&quot;px&quot;,&quot;size&quot;:&quot;&quot;,&quot;sizes&quot;:[]},&quot;carousel_arrows_next_arrow_horizontal_left_indent_tablet_extra&quot;:{&quot;unit&quot;:&quot;px&quot;,&quot;size&quot;:&quot;&quot;,&quot;sizes&quot;:[]},&quot;carousel_arrows_next_arrow_horizontal_left_indent_tablet&quot;:{&quot;unit&quot;:&quot;%&quot;,&quot;size&quot;:&quot;&quot;,&quot;sizes&quot;:[]},&quot;carousel_arrows_next_arrow_horizontal_left_indent_mobile_extra&quot;:{&quot;unit&quot;:&quot;px&quot;,&quot;size&quot;:&quot;&quot;,&quot;sizes&quot;:[]},&quot;carousel_arrows_next_arrow_horizontal_left_indent_mobile&quot;:{&quot;unit&quot;:&quot;%&quot;,&quot;size&quot;:&quot;&quot;,&quot;sizes&quot;:[]},&quot;wdt_animation_effect&quot;:&quot;none&quot;}\" data-widget_type=\"wdt-specifications.default\">\n\t\t\t\t<div class=\"elementor-widget-container\">\n\t\t\t\t\t<div class=\"wdt-specifications-holder wdt-content-item-holder wdt-column-holder\" id=\"wdt-specifications-c9014ad\" data-settings=\"\"><div class=\"wdt-column-wrapper wdt-column-gap-custom\" data-column-settings=\"\" data-module-id=\"wdt-module-id-c9014ad\" id=\"wdt-module-id-c9014ad\"><div class=\"wdt-column\"><div class=\"wdt-content-item\"><div class=\"wdt-specification-block wdt_type_1\"><div class=\"wdt-content-icon-wrapper\"><div class=\"wdt-content-icon\"><svg xmlns=\"http:\/\/www.w3.org\/2000\/svg\" x=\"0px\" y=\"0px\" viewbox=\"0 0 100 100\" style=\"enable-background:new 0 0 100 100;\" xml:space=\"preserve\"><path d=\"M50,2.5C30.9,2.5,15.4,18,15.4,37.1c0,19.6,19.8,46.2,29.4,58c2.7,3.3,7.7,3.2,10.3-0.1c9.6-12,29.5-39.2,29.5-57.9 C84.6,18,69.1,2.5,50,2.5z M50,59.8c-12.7,0-22.9-10.3-22.9-22.9C27.1,24.2,37.3,14,50,14c12.7,0,22.9,10.3,22.9,22.9 C72.9,49.6,62.7,59.8,50,59.8z\"><\/path><\/svg><\/div><\/div><div class=\"wdt-content-detail-group\"><div class=\"wdt-content-title\"><h4>Rendez-nous visite<\/h4><\/div><div class=\"wdt-content-description\">Sacr\u00e9 C\u0153ur 3, n\u00b0 9569<\/div><\/div><\/div><\/div><\/div><div class=\"wdt-column\"><div class=\"wdt-content-item\"><div class=\"wdt-specification-block wdt_type_1\"><div class=\"wdt-content-icon-wrapper\"><div class=\"wdt-content-icon\"><svg xmlns=\"http:\/\/www.w3.org\/2000\/svg\" x=\"0px\" y=\"0px\" viewbox=\"0 0 100 100\" style=\"enable-background:new 0 0 100 100;\" xml:space=\"preserve\"><g>\t<path d=\"M4.9,16.6c-1.5,1.5-2.4,3.6-2.4,5.9v55c0,4.7,3.8,8.5,8.5,8.5H89c4.7,0,8.5-3.8,8.5-8.5v-55c0-2.3-0.9-4.4-2.4-5.9  L52.7,60.7c0,0,0,0-0.1,0.1c-0.7,0.7-1.7,1-2.7,1c-1,0-1.9-0.4-2.7-1c0,0,0,0-0.1-0.1L4.9,16.6z\"><\/path>\t<path d=\"M49.7,58.3c0.2,0.1,0.4,0.1,0.6,0l42-43.7c-1-0.4-2.1-0.7-3.3-0.7H11c-1.2,0-2.3,0.2-3.3,0.7L49.7,58.3z\"><\/path><\/g><\/svg><\/div><\/div><div class=\"wdt-content-detail-group\"><div class=\"wdt-content-title\"><h4>Ecrivez-nous<\/h4><\/div><div class=\"wdt-content-spec-group item-block\"><div class=\"wdt-content-spec-items\"><a href=\"mailto:harmony@harmonygroup.sn\" target=\"_blank\" rel=\"nofollow\">harmony@harmonygroup.sn<\/a><\/div><\/div><\/div><\/div><\/div><\/div><div class=\"wdt-column\"><div class=\"wdt-content-item\"><div class=\"wdt-specification-block wdt_type_1\"><div class=\"wdt-content-icon-wrapper\"><div class=\"wdt-content-icon\"><svg xmlns=\"http:\/\/www.w3.org\/2000\/svg\" x=\"0px\" y=\"0px\" viewbox=\"0 0 100 100\" style=\"enable-background:new 0 0 100 100;\" xml:space=\"preserve\"><path d=\"M54.8,70.6c-9.2-5.3-21-21.2-23.2-31.3c4.1-6.4,7.6-3.3,9.8-9.8c0.1-0.3,6.1-32.9-16.9-26.1 c-49.8,15.1,32.2,125.6,63.2,85.2c14.1-18.8-19.8-23.8-20.1-23.8C60.4,64.7,62.4,68.9,54.8,70.6z\"><\/path><\/svg><\/div><\/div><div class=\"wdt-content-detail-group\"><div class=\"wdt-content-title\"><h4>Appelez-nous<\/h4><\/div><div class=\"wdt-content-spec-group item-block\"><div class=\"wdt-content-spec-items\"><a href=\"tel:+221338676076\" target=\"_blank\" rel=\"nofollow\">+221 33 867 60 76<\/a><\/div><\/div><\/div><\/div><\/div><\/div><\/div><\/div>\t\t\t\t<\/div>\n\t\t\t\t<\/div>\n\t\t\t\t<div class=\"elementor-element elementor-element-60fc90f elementor-widget elementor-widget-wdt-heading\" data-id=\"60fc90f\" data-element_type=\"widget\" data-settings=\"{&quot;wdt_animation_effect&quot;:&quot;none&quot;}\" data-widget_type=\"wdt-heading.default\">\n\t\t\t\t<div class=\"elementor-widget-container\">\n\t\t\t\t\t<div class=\"wdt-heading-holder\" id=\"wdt-heading-60fc90f\"><h4 class=\"wdt-heading-title-wrapper wdt-heading-title\">Faites-nous un signe !<\/h4><\/div>\t\t\t\t<\/div>\n\t\t\t\t<\/div>\n\t\t\t\t<div class=\"elementor-element elementor-element-17afea7 elementor-widget elementor-widget-shortcode\" data-id=\"17afea7\" data-element_type=\"widget\" data-settings=\"{&quot;wdt_animation_effect&quot;:&quot;none&quot;}\" data-widget_type=\"shortcode.default\">\n\t\t\t\t\t\t\t<div class=\"elementor-shortcode\">\n<div class=\"wpcf7 no-js\" id=\"wpcf7-f20-o1\" lang=\"en-US\" dir=\"ltr\" data-wpcf7-id=\"20\">\n<div class=\"screen-reader-response\"><p role=\"status\" aria-live=\"polite\" aria-atomic=\"true\"><\/p> <ul><\/ul><\/div>\n<form action=\"\/en\/wp-json\/wp\/v2\/pages\/101#wpcf7-f20-o1\" method=\"post\" class=\"wpcf7-form init demo\" aria-label=\"Contact form\" novalidate=\"novalidate\" data-status=\"init\" data-trp-original-action=\"\/en\/wp-json\/wp\/v2\/pages\/101#wpcf7-f20-o1\">\n<fieldset class=\"hidden-fields-container\"><input type=\"hidden\" name=\"_wpcf7\" value=\"20\" \/><input type=\"hidden\" name=\"_wpcf7_version\" value=\"6.1.3\" \/><input type=\"hidden\" name=\"_wpcf7_locale\" value=\"en_US\" \/><input type=\"hidden\" name=\"_wpcf7_unit_tag\" value=\"wpcf7-f20-o1\" \/><input type=\"hidden\" name=\"_wpcf7_container_post\" value=\"0\" \/><input type=\"hidden\" name=\"_wpcf7_posted_data_hash\" value=\"\" \/>\n<\/fieldset>\n<div class=\"wdt-sidebar-form\">\n\t<p><span class=\"wpcf7-form-control-wrap\" data-name=\"your-name\"><input size=\"40\" maxlength=\"400\" class=\"wpcf7-form-control wpcf7-text wpcf7-validates-as-required\" aria-required=\"true\" aria-invalid=\"false\" placeholder=\"Nom complet*\" value=\"\" type=\"text\" name=\"your-name\" \/><\/span><span class=\"wpcf7-form-control-wrap\" data-name=\"your-email\"><input size=\"40\" maxlength=\"400\" class=\"wpcf7-form-control wpcf7-email wpcf7-validates-as-required wpcf7-text wpcf7-validates-as-email\" aria-required=\"true\" aria-invalid=\"false\" placeholder=\"Email *\" value=\"\" type=\"email\" name=\"your-email\" \/><\/span><span class=\"wpcf7-form-control-wrap\" data-name=\"tel-01\"><input size=\"40\" maxlength=\"400\" class=\"wpcf7-form-control wpcf7-tel wpcf7-validates-as-required wpcf7-text wpcf7-validates-as-tel\" aria-required=\"true\" aria-invalid=\"false\" placeholder=\"Phone*\" value=\"\" type=\"tel\" name=\"tel-01\" \/><\/span><span class=\"wpcf7-form-control-wrap\" data-name=\"your-message\"><textarea cols=\"40\" rows=\"10\" maxlength=\"2000\" class=\"wpcf7-form-control wpcf7-textarea\" aria-invalid=\"false\" placeholder=\"Message*\" name=\"your-message\"><\/textarea><\/span>\n\t<\/p>\n\t<div class=\"wdt-form-submit-btn\">\n\t\t<p><input class=\"wpcf7-form-control wpcf7-submit has-spinner\" type=\"submit\" value=\"Envoyer\" \/><i class=\"wdt-submit-icon\"><\/i>\n\t\t<\/p>\n\t<\/div>\n<\/div><div class=\"wpcf7-response-output\" aria-hidden=\"true\"><\/div>\n<input type=\"hidden\" name=\"trp-form-language\" value=\"en\"\/><\/form>\n<\/div>\n<\/div>\n\t\t\t\t\t\t<\/div>\n\t\t\t\t<\/div>\n\t\t\t\t<\/div>\n\t\t\t\t\t<\/div>\n\t\t\t\t<\/div>\n\t\t\t\t<\/div>","protected":false},"excerpt":{"rendered":"<p>Nos capacit\u00e9s techniques SOLUTIONS &#038; MOYENS TECHNIQUES Des outils performants au service de la pr\u00e9cision. Nos \u00e9quipements V\u00e9hicules 4&#215;4 pour missions terrain Spectrom\u00e8tre XRF S1 TITAN LE GPS GARMIN &amp; MAGELLAN Kits de pr\u00e9l\u00e8vement et capteurs TROTEC Click Here M\u00e9thodologies &amp; outils Protocoles conformes aux standards internationaux Approches participatives &amp; analyses socio-environnementales Gestion de donn\u00e9es [&hellip;]<\/p>","protected":false},"author":1,"featured_media":0,"parent":0,"menu_order":0,"comment_status":"closed","ping_status":"closed","template":"elementor_header_footer","meta":{"_monsterinsights_skip_tracking":false,"_monsterinsights_sitenote_active":false,"_monsterinsights_sitenote_note":"","_monsterinsights_sitenote_category":0,"footnotes":""},"class_list":["post-101","page","type-page","status-publish","hentry"],"aioseo_notices":[],"_links":{"self":[{"href":"https:\/\/aida.africhicbybijou.com\/en\/wp-json\/wp\/v2\/pages\/101","targetHints":{"allow":["GET"]}}],"collection":[{"href":"https:\/\/aida.africhicbybijou.com\/en\/wp-json\/wp\/v2\/pages"}],"about":[{"href":"https:\/\/aida.africhicbybijou.com\/en\/wp-json\/wp\/v2\/types\/page"}],"author":[{"embeddable":true,"href":"https:\/\/aida.africhicbybijou.com\/en\/wp-json\/wp\/v2\/users\/1"}],"replies":[{"embeddable":true,"href":"https:\/\/aida.africhicbybijou.com\/en\/wp-json\/wp\/v2\/comments?post=101"}],"version-history":[{"count":27,"href":"https:\/\/aida.africhicbybijou.com\/en\/wp-json\/wp\/v2\/pages\/101\/revisions"}],"predecessor-version":[{"id":2645,"href":"https:\/\/aida.africhicbybijou.com\/en\/wp-json\/wp\/v2\/pages\/101\/revisions\/2645"}],"wp:attachment":[{"href":"https:\/\/aida.africhicbybijou.com\/en\/wp-json\/wp\/v2\/media?parent=101"}],"curies":[{"name":"wp","href":"https:\/\/api.w.org\/{rel}","templated":true}]}}